{"id":5023387346,"date":"2025-09-15T21:36:09","date_gmt":"2025-09-16T04:36:09","guid":{"rendered":"https:\/\/business.superspringsinternational.com\/product\/ssr-210-47-sumosprings-rear\/"},"modified":"2026-04-08T23:14:07","modified_gmt":"2026-04-09T06:14:07","slug":"ssr-210-47-sumosprings-rear","status":"publish","type":"product","link":"https:\/\/business.superspringsinternational.com\/de\/product\/ssr-210-47-sumosprings-rear\/","title":{"rendered":"SSR-210-47 | SumoSprings Rear"},"content":{"rendered":"<p>SumoSprings\u00ae are a patented suspension product designed to enhance load carrying ability, stabilize sway, and improve overall driver control and ride comfort. They are maintenance free, do not leak air, and do not require airlines or compressors. SumoSprings\u00ae are manufactured in a variety of heights, diameters and densities to support multiple front and rear applications. They are manufactured from proprietary closed micro-cellular urethane providing a smooth and progressive spring rate with superior damping properties. Every SumoSpring is handmade with care, making each one unique with its own natural characteristics, such as slight color variations and surface bubbles\u2014proof of the craftsmanship that goes into every piece.<\/p>","protected":false},"excerpt":{"rendered":"<p>SumoSprings Solo Kits sind eine einteilige Einheit, die auf einer Seite befestigt wird und als Ersatz\/Upgrade f\u00fcr werksseitige Sto\u00dfd\u00e4mpfer verwendet wird.<\/p>","protected":false},"featured_media":5023396544,"comment_status":"open","ping_status":"closed","template":"","meta":{"_acf_changed":false,"_seopress_robots_primary_cat":"","_seopress_titles_title":"","_seopress_titles_desc":"","_seopress_robots_index":"","content-type":"","_cloudinary_featured_overwrite":false},"product_brand":[],"product_cat":[295],"product_tag":[],"class_list":{"0":"post-5023387346","1":"product","2":"type-product","3":"status-publish","4":"has-post-thumbnail","6":"product_cat-sumosprings-rear","8":"first","9":"instock","10":"taxable","11":"shipping-taxable","12":"purchasable","13":"product-type-simple"},"acf":[],"jetpack_sharing_enabled":true,"_links":{"self":[{"href":"https:\/\/business.superspringsinternational.com\/de\/wp-json\/wp\/v2\/product\/5023387346","targetHints":{"allow":["GET"]}}],"collection":[{"href":"https:\/\/business.superspringsinternational.com\/de\/wp-json\/wp\/v2\/product"}],"about":[{"href":"https:\/\/business.superspringsinternational.com\/de\/wp-json\/wp\/v2\/types\/product"}],"replies":[{"embeddable":true,"href":"https:\/\/business.superspringsinternational.com\/de\/wp-json\/wp\/v2\/comments?post=5023387346"}],"version-history":[{"count":0,"href":"https:\/\/business.superspringsinternational.com\/de\/wp-json\/wp\/v2\/product\/5023387346\/revisions"}],"wp:featuredmedia":[{"embeddable":true,"href":"https:\/\/business.superspringsinternational.com\/de\/wp-json\/wp\/v2\/media\/5023396544"}],"wp:attachment":[{"href":"https:\/\/business.superspringsinternational.com\/de\/wp-json\/wp\/v2\/media?parent=5023387346"}],"wp:term":[{"taxonomy":"product_brand","embeddable":true,"href":"https:\/\/business.superspringsinternational.com\/de\/wp-json\/wp\/v2\/product_brand?post=5023387346"},{"taxonomy":"product_cat","embeddable":true,"href":"https:\/\/business.superspringsinternational.com\/de\/wp-json\/wp\/v2\/product_cat?post=5023387346"},{"taxonomy":"product_tag","embeddable":true,"href":"https:\/\/business.superspringsinternational.com\/de\/wp-json\/wp\/v2\/product_tag?post=5023387346"}],"curies":[{"name":"wp","href":"https:\/\/api.w.org\/{rel}","templated":true}]}}