{"id":5023387263,"date":"2025-09-15T21:35:39","date_gmt":"2025-09-16T04:35:39","guid":{"rendered":"https:\/\/business.superspringsinternational.com\/product\/ssr-109-40-sumosprings-rear\/"},"modified":"2026-04-08T23:12:42","modified_gmt":"2026-04-09T06:12:42","slug":"ssr-109-40-sumosprings-rear","status":"publish","type":"product","link":"https:\/\/business.superspringsinternational.com\/es\/product\/ssr-109-40-sumosprings-rear\/","title":{"rendered":"SSR-109-40 | SumoSprings Trasero"},"content":{"rendered":"<p>SumoSprings\u00ae es un producto de suspensi\u00f3n patentado dise\u00f1ado para mejorar la capacidad de carga, estabilizar el balanceo y mejorar el control general del conductor y el confort de marcha. No necesitan mantenimiento, no pierden aire y no requieren aireadores ni compresores. Los SumoSprings\u00ae se fabrican en una variedad de alturas, di\u00e1metros y densidades para soportar m\u00faltiples aplicaciones delanteras y traseras. Est\u00e1n fabricados con uretano microcelular cerrado patentado que proporciona un muelle suave y progresivo con propiedades de amortiguaci\u00f3n superiores. Cada SumoSpring se fabrica a mano con esmero, lo que hace que cada uno sea \u00fanico con sus propias caracter\u00edsticas naturales, como ligeras variaciones de color y burbujas en la superficie, prueba del trabajo artesanal que se realiza en cada pieza.<\/p>","protected":false},"excerpt":{"rendered":"<p>SumoSprings Solo Kits son una unidad de una sola pieza unida a un lado utilizado como un reemplazo \/ actualizaci\u00f3n de los topes de f\u00e1brica<\/p>","protected":false},"featured_media":5023395839,"comment_status":"open","ping_status":"closed","template":"","meta":{"_acf_changed":false,"_seopress_robots_primary_cat":"","_seopress_titles_title":"","_seopress_titles_desc":"","_seopress_robots_index":"","content-type":"","_cloudinary_featured_overwrite":false},"product_brand":[],"product_cat":[295],"product_tag":[],"class_list":{"0":"post-5023387263","1":"product","2":"type-product","3":"status-publish","4":"has-post-thumbnail","6":"product_cat-sumosprings-rear","8":"first","9":"instock","10":"taxable","11":"shipping-taxable","12":"purchasable","13":"product-type-simple"},"acf":[],"jetpack_sharing_enabled":true,"_links":{"self":[{"href":"https:\/\/business.superspringsinternational.com\/es\/wp-json\/wp\/v2\/product\/5023387263","targetHints":{"allow":["GET"]}}],"collection":[{"href":"https:\/\/business.superspringsinternational.com\/es\/wp-json\/wp\/v2\/product"}],"about":[{"href":"https:\/\/business.superspringsinternational.com\/es\/wp-json\/wp\/v2\/types\/product"}],"replies":[{"embeddable":true,"href":"https:\/\/business.superspringsinternational.com\/es\/wp-json\/wp\/v2\/comments?post=5023387263"}],"version-history":[{"count":0,"href":"https:\/\/business.superspringsinternational.com\/es\/wp-json\/wp\/v2\/product\/5023387263\/revisions"}],"wp:featuredmedia":[{"embeddable":true,"href":"https:\/\/business.superspringsinternational.com\/es\/wp-json\/wp\/v2\/media\/5023395839"}],"wp:attachment":[{"href":"https:\/\/business.superspringsinternational.com\/es\/wp-json\/wp\/v2\/media?parent=5023387263"}],"wp:term":[{"taxonomy":"product_brand","embeddable":true,"href":"https:\/\/business.superspringsinternational.com\/es\/wp-json\/wp\/v2\/product_brand?post=5023387263"},{"taxonomy":"product_cat","embeddable":true,"href":"https:\/\/business.superspringsinternational.com\/es\/wp-json\/wp\/v2\/product_cat?post=5023387263"},{"taxonomy":"product_tag","embeddable":true,"href":"https:\/\/business.superspringsinternational.com\/es\/wp-json\/wp\/v2\/product_tag?post=5023387263"}],"curies":[{"name":"wp","href":"https:\/\/api.w.org\/{rel}","templated":true}]}}