{"id":5023387480,"date":"2025-09-15T21:51:43","date_gmt":"2025-09-16T04:51:43","guid":{"rendered":"https:\/\/business.superspringsinternational.com\/product\/ssa22-5-supersprings\/"},"modified":"2026-04-02T23:11:08","modified_gmt":"2026-04-03T06:11:08","slug":"ssa22-5-supersprings","status":"publish","type":"product","link":"https:\/\/business.superspringsinternational.com\/es\/product\/ssa22-5-supersprings\/","title":{"rendered":"SSA22.5 | SuperSprings"},"content":{"rendered":"<p>Los SuperSprings\u00ae son un sistema \u00fanico y patentado de estabilizaci\u00f3n de la suspensi\u00f3n autoajustable para veh\u00edculos con ballestas traseras, dise\u00f1ado para nivelar las cargas y reducir el balanceo de la carrocer\u00eda. Los SuperSprings\u00ae proporcionan a los usuarios un soporte de carga adicional y reducen el balanceo de la carrocer\u00eda sin comprometer la calidad de la conducci\u00f3n. Se fabrican utilizando una variedad de muelles de diferentes tama\u00f1os para soportar m\u00faltiples aplicaciones. Todos los SuperSprings\u00ae se fabrican en EE.UU. con acero SAE5160H granallado de alta calidad.<\/p>","protected":false},"excerpt":{"rendered":"<p>Sistema autoajustable de estabilizaci\u00f3n de la suspensi\u00f3n<\/p>","protected":false},"featured_media":5023396808,"comment_status":"open","ping_status":"closed","template":"","meta":{"_acf_changed":false,"_seopress_robots_primary_cat":"","_seopress_titles_title":"","_seopress_titles_desc":"","_seopress_robots_index":"","content-type":"","_cloudinary_featured_overwrite":false},"product_brand":[],"product_cat":[296],"product_tag":[],"class_list":{"0":"post-5023387480","1":"product","2":"type-product","3":"status-publish","4":"has-post-thumbnail","6":"product_cat-supersprings","8":"first","9":"instock","10":"taxable","11":"shipping-taxable","12":"purchasable","13":"product-type-simple"},"acf":[],"jetpack_sharing_enabled":true,"_links":{"self":[{"href":"https:\/\/business.superspringsinternational.com\/es\/wp-json\/wp\/v2\/product\/5023387480","targetHints":{"allow":["GET"]}}],"collection":[{"href":"https:\/\/business.superspringsinternational.com\/es\/wp-json\/wp\/v2\/product"}],"about":[{"href":"https:\/\/business.superspringsinternational.com\/es\/wp-json\/wp\/v2\/types\/product"}],"replies":[{"embeddable":true,"href":"https:\/\/business.superspringsinternational.com\/es\/wp-json\/wp\/v2\/comments?post=5023387480"}],"version-history":[{"count":0,"href":"https:\/\/business.superspringsinternational.com\/es\/wp-json\/wp\/v2\/product\/5023387480\/revisions"}],"wp:featuredmedia":[{"embeddable":true,"href":"https:\/\/business.superspringsinternational.com\/es\/wp-json\/wp\/v2\/media\/5023396808"}],"wp:attachment":[{"href":"https:\/\/business.superspringsinternational.com\/es\/wp-json\/wp\/v2\/media?parent=5023387480"}],"wp:term":[{"taxonomy":"product_brand","embeddable":true,"href":"https:\/\/business.superspringsinternational.com\/es\/wp-json\/wp\/v2\/product_brand?post=5023387480"},{"taxonomy":"product_cat","embeddable":true,"href":"https:\/\/business.superspringsinternational.com\/es\/wp-json\/wp\/v2\/product_cat?post=5023387480"},{"taxonomy":"product_tag","embeddable":true,"href":"https:\/\/business.superspringsinternational.com\/es\/wp-json\/wp\/v2\/product_tag?post=5023387480"}],"curies":[{"name":"wp","href":"https:\/\/api.w.org\/{rel}","templated":true}]}}